{"id":229692,"date":"2019-12-03T07:35:57","date_gmt":"2019-12-03T12:35:57","guid":{"rendered":"http:\/\/www.jkconsultora.com\/?page_id=229692"},"modified":"2020-02-02T16:09:44","modified_gmt":"2020-02-02T21:09:44","slug":"cookies","status":"publish","type":"page","link":"https:\/\/www.jkconsultora.com\/en\/cookies\/","title":{"rendered":"Pol\u00edtica de cookies"},"content":{"rendered":"[et_pb_section fb_built=\u00bb1&#8243; _builder_version=\u00bb4.0.7&#8243;][et_pb_row _builder_version=\u00bb4.0.7&#8243;][et_pb_column type=\u00bb4_4&#8243; _builder_version=\u00bb4.0.7&#8243;][et_pb_text _builder_version=\u00bb4.0.7&#8243; hover_enabled=\u00bb0&#8243;]<h1 class=\"uk-article-title\" style=\"text-align: center;\"><span style=\"text-decoration: underline;\"><strong>En JKCONSULTORA.com usamos cookies\u00a0<\/strong><\/span><\/h1>\n[\/et_pb_text][et_pb_text _builder_version=\u00bb4.0.7&#8243;]<div class=\"tm-middle uk-grid\" data-uk-grid-match=\"\" data-uk-grid-margin=\"\">\n<div class=\"tm-main uk-width-medium-1-1\">\n<p>&nbsp;<\/p>\n<main class=\"tm-content\">\n<p>&nbsp;<\/p>\n<article class=\"uk-article\">\n<p>Esta pol\u00edtica de cookies forma parte de los<span>\u00a0<\/span><a href=\"https:\/\/www.webempresa.com\/aviso-legal-webempresa-america.html\">t\u00e9rminos de uso y la pol\u00edtica de privacidad<\/a><span>\u00a0<\/span>de<span> JKCONSULTORA<\/span><a href=\"https:\/\/www.webempresa.com\/\">.com<\/a><\/p>\n<p>Una cookie, es un archivo de informaci\u00f3n que el servidor del sitio web de<span> JKCONSULTORA\u00a0<\/span>env\u00eda al dispositivo (ordenador, smartphone, tablet, etc.) de quien accede a la p\u00e1gina, para almacenar y recuperar informaci\u00f3n sobre la navegaci\u00f3n que se efect\u00faa desde dicho equipo.<\/p>\n<p>Existen una gran cantidad de gu\u00edas en las que se explica lo que son las cookies, y para qu\u00e9 se utilizan. Por nuestra parte, les explicaremos c\u00f3mo afectan estas cookies a la p\u00e1gina web de<span> JKCONSULTORA<\/span>, pero en el caso de que necesite m\u00e1s informaci\u00f3n al respecto, eche un vistazo a estas p\u00e1ginas:<\/p>\n<ul>\n<li><a href=\"http:\/\/www.allaboutcookies.org\/\" target=\"_blank\" rel=\"noopener noreferrer\">http:\/\/www.allaboutcookies.org<\/a><\/li>\n<li><a href=\"http:\/\/www.youronlinechoices.eu\/\" target=\"_blank\" rel=\"noopener noreferrer\">http:\/\/www.youronlinechoices.eu<\/a><\/li>\n<\/ul>\n<p>En este link se puede acceder a la gu\u00eda de cookies editada por la Agencia Espa\u00f1ola de Protecci\u00f3n de Datos:<br \/><a href=\"http:\/\/www.interior.gob.es\/documents\/10180\/13073\/Guia_Cookies.pdf\/7c72c988-1e55-42b5-aeee-f7c46a319903\" target=\"_blank\" rel=\"noopener noreferrer\">http:\/\/www.interior.gob.es\/documents\/10180\/13073\/Guia_Cookies.pdf\/7c72c988-1e55-42b5-aeee-f7c46a319903<\/a><\/p>\n<h4>Tipos de cookies:<\/h4>\n<h5>Cookies propias:<\/h5>\n<p>Son aqu\u00e9llas que se instalan en el terminal del<span>\u00a0<\/span><strong>USUARIO<\/strong><span>\u00a0<\/span>desde la Web de<span> JKCONSULTORA<\/span>.<\/p>\n<h5>Cookies de terceros:<\/h5>\n<p>Son aqu\u00e9llas que se instalan en el terminal del<span>\u00a0<\/span><strong>USUARIO<\/strong><span>\u00a0<\/span>desde un dominio o una p\u00e1gina web que no es gestionada por<span> JKCONSULTORA<\/span>, sino por otra entidad que trata la informaci\u00f3n obtenida a trav\u00e9s de las cookies.<\/p>\n<h5>Cookies de sesi\u00f3n:<\/h5>\n<p>Son un tipo de cookies dise\u00f1adas para recabar y almacenar datos mientras el usuario accede a una p\u00e1gina web.<\/p>\n<p>Se suelen emplear para almacenar informaci\u00f3n que solo interesa conservar para la prestaci\u00f3n del servicio solicitado por el usuario en una sola ocasi\u00f3n.<\/p>\n<h5>Cookies persistentes:<\/h5>\n<p>Son un tipo de cookies en el que los datos siguen almacenados en el terminal y pueden ser accedidos y tratados durante un periodo definido por el responsable de la cookie, y que puede ir de unos minutos a varios a\u00f1os.<\/p>\n<h5>Cookies de an\u00e1lisis:<\/h5>\n<p>Son aqu\u00e9llas que bien tratadas por<span> JKCONSULTORA\u00a0<\/span>o por terceros, nos permiten realizar an\u00e1lisis estad\u00edsticos tales como n\u00famero de usuarios que entran en la Web o la utilizaci\u00f3n que hacen de la misma.<\/p>\n<p>Para ello analizamos la navegaci\u00f3n en la Web con el fin de mejorar la prestaci\u00f3n de los servicios que ofrecemos.<\/p>\n<h4><span>JKCONSULTORA <\/span>utiliza diversos tipos de cookies:<\/h4>\n<h4>COOKIES PROPIAS:<\/h4>\n<h5>Cookies t\u00e9cnicas:<\/h5>\n<p>Son aqu\u00e9llas que permiten al USUARIO la navegaci\u00f3n a trav\u00e9s de la p\u00e1gina web y la utilizaci\u00f3n de las diferentes opciones o servicios que en ella existen como, por ejemplo, controlar el tr\u00e1fico y la comunicaci\u00f3n de datos, identificar la sesi\u00f3n, acceder a partes de acceso restringido, recordar los elementos que integran un pedido, realizar el proceso de compra de un pedido, realizar la solicitud de inscripci\u00f3n o participaci\u00f3n en un evento, utilizar elementos de seguridad durante la navegaci\u00f3n, almacenar contenidos para la difusi\u00f3n de videos o sonido o compartir contenidos a trav\u00e9s de redes sociales.<\/p>\n<h5>Cookies de rendimiento:<\/h5>\n<p>Se trata de cookies que recogen informaci\u00f3n sobre c\u00f3mo utiliza el sitio web (por ejemplo, las p\u00e1ginas que visita o si se produce alg\u00fan error) y que tambi\u00e9n ayudan a JKCONSULTORA.com a la localizaci\u00f3n y soluci\u00f3n de problemas del sitio web.<\/p>\n<p>Toda la informaci\u00f3n recogida en las mismas es totalmente an\u00f3nima y nos ayuda a entender c\u00f3mo funciona nuestro sitio, realizando las mejoras oportunas para facilitar su navegaci\u00f3n.<\/p>\n<p>Dichas cookies permitir\u00e1n:<br \/>Que el<span>\u00a0<\/span><strong>USUARIO<\/strong><span>\u00a0<\/span>navegue por el sitio.<\/p>\n<p>Que<span> JKCONSULTORA<\/span><span>\u00a0<\/span>recompile informaci\u00f3n sobre c\u00f3mo el USUARIO utiliza la p\u00e1gina web, para as\u00ed entender la usabilidad del sitio, y ayudarnos a implementar las mejoras necesarias.<\/p>\n<p>Estas cookies no recoger\u00e1n ninguna informaci\u00f3n sobre el USUARIO que pueda ser utilizada con fines publicitarios, o informaci\u00f3n acerca de sus preferencias (tales como sus datos de usuario) m\u00e1s all\u00e1 de esa visita en particular.<\/p>\n<h4>COOKIES DE TERCEROS:<\/h4>\n<h5>Cookies Anal\u00edticas:<\/h5>\n<p>De Google Analytics: Son cookies de an\u00e1lisis que permiten el seguimiento y an\u00e1lisis del comportamiento de los<span>\u00a0<\/span><strong>USUARIOS<\/strong><span>\u00a0<\/span>de los sitios web a los que est\u00e1n vinculadas.<\/p>\n<p>La informaci\u00f3n recogida mediante este tipo de cookies se utiliza en la medici\u00f3n de la actividad de los sitios web, aplicaci\u00f3n o plataforma y para la elaboraci\u00f3n de perfiles de navegaci\u00f3n de los USUARIOS de dichos sitios, aplicaciones y plataformas, con el fin de introducir mejoras en funci\u00f3n del an\u00e1lisis de los datos de uso que hacen los<span>\u00a0<\/span><strong>USUARIOS<\/strong><span>\u00a0<\/span>del servicio.<\/p>\n<p>Google Analytics, almacena las cookies en servidores ubicados en Estados Unidos y se compromete a no compartirla con terceros, excepto en los casos en los que sea necesario para el funcionamiento del sistema o cuando la ley obligue a tal efecto.<\/p>\n<p>Seg\u00fan Google no guarda la direcci\u00f3n IP del<span>\u00a0<\/span><strong>USUARIO<\/strong>.<\/p>\n<p>Google Inc. es una compa\u00f1\u00eda adherida al Acuerdo de Puerto Seguro que garantiza que todos los datos transferidos ser\u00e1n tratados con un nivel de protecci\u00f3n acorde a la normativa europea. El USUARIO puede consultar\u00a0 informaci\u00f3n detallada a este respecto en este enlace:<span>\u00a0<\/span><a href=\"http:\/\/safeharbor.export.gov\/list.aspx\" target=\"_blank\" rel=\"noopener noreferrer\">http:\/\/safeharbor.export.gov\/list.aspx<\/a><\/p>\n<p>Si el<span>\u00a0<\/span><strong>USUARIO<\/strong><span>\u00a0<\/span>desea m\u00e1s informaci\u00f3n sobre el uso que Google da a las cookies puede acceder a la misma a trav\u00e9s de este otro enlace:<span>\u00a0<\/span><a href=\"https:\/\/developers.google.com\/analytics\/devguides\/collection\/analyticsjs\/cookie-usage?hl=es&amp;csw=1\">https:\/\/developers.google.com\/analytics\/devguides\/collection\/analyticsjs\/cookie-usage?hl=es&amp;csw=1<\/a><\/p>\n<h5>Cookies de Marketing:<\/h5>\n<p>Dichas cookies son gestionadas por terceros, con lo que el<span>\u00a0<\/span><strong>USUARIO<\/strong><span>\u00a0<\/span>podr\u00e1 utilizar las herramientas de \u00e9stos para restringir el uso de estas cookies.<\/p>\n<p>Algunas de las cookies se utilizan para enlazar a otras p\u00e1ginas web que proporcionan ciertos servicios a<span> JKCONSULTORA<\/span>, como puede ser el caso de Facebook, Twitter o Google.<\/p>\n<p>Algunas de estas cookies modificar\u00e1n los anuncios de otras webs para adaptarlos a sus preferencias.<\/p>\n<p>Estas cookies permitir\u00e1n:<\/p>\n<ul>\n<li>Enlazar con redes sociales<\/li>\n<li>Pasar informaci\u00f3n sobre su visita a la p\u00e1gina de JKCONSULTORA.com para adaptar anuncios en otras p\u00e1ginas.<\/li>\n<li>Asignar comisiones por ventas referidas a trav\u00e9s del programa de afiliados.<\/li>\n<\/ul>\n<p><strong>De Doubleclick:<\/strong><\/p>\n<p>Es una plataforma publicitaria que pertenece a Google.<\/p>\n<p>Las cookies de Doubleclick permiten mostrar publicidad en otros sitios web a los usuarios que previamente han visitado la Web.<\/p>\n<p>Se puede obtener m\u00e1s informaci\u00f3n sobre el uso de cookies por Doubleclick en el siguiente enlace:<br \/><a href=\"https:\/\/support.google.com\/adsense\/answer\/2839090?hl=es\">https:\/\/support.google.com\/adsense\/answer\/2839090?hl=es<\/a><\/p>\n<p><strong>De YouTube:<\/strong><\/p>\n<p>En algunas partes de la web se utiliza YouTube para ofrecer v\u00eddeos propios.<\/p>\n<p>YouTube almacena informaci\u00f3n para poder generar estad\u00edsticas sobre las visitas de videos incrustados en otras p\u00e1ginas.<\/p>\n<p>En tanto que YouTube es titularidad de Google, se puede obtener m\u00e1s informaci\u00f3n de la pol\u00edtica de cookies en el siguiente enlace:<br \/><a href=\"http:\/\/www.google.com\/intl\/es\/policies\/technologies\/cookies\/\">http:\/\/www.google.com\/intl\/es\/policies\/technologies\/cookies\/<\/a><\/p>\n<p><strong>Del chat de atenci\u00f3n al cliente:<\/strong><\/p>\n<p>Se utilizan para el \u201clive chat\u201d (chat en vivo) para dar soporte y resolver dudas de forma directa a los clientes.<\/p>\n<p>Instala cookies para identificar al usuario y su dispositivo y conocer sus preferencias en cuanto al uso del m\u00f3dulo interno que gestiona el chat, as\u00ed como para conocer la preferencia del usuario para desactivar el \u201clive chat\u201d, y cesar el uso de cookies.<\/p>\n<p>&nbsp;<\/p>\n<p>El usuario podr\u00e1 -en cualquier momento- elegir qu\u00e9 cookies quiere que funcionen en este sitio web mediante la configuraci\u00f3n del navegador; por ejemplo:<\/p>\n<p>Chrome, desde:<span>\u00a0<\/span><a href=\"http:\/\/support.google.com\/chrome\/bin\/answer.py?hl=es&amp;answer=95647\">http:\/\/support.google.com\/chrome\/bin\/answer.py?hl=es&amp;answer=95647<\/a><br \/>Explorer, desde:<span>\u00a0<\/span><a href=\"https:\/\/support.microsoft.com\/es-es\/hub\/4338813\/windows-help\" target=\"_blank\" rel=\"noopener noreferrer\">Ver instrucciones<\/a><br \/>Firefox, desde:<span>\u00a0<\/span><a href=\"https:\/\/support.mozilla.org\/es\/kb\/habilitar-y-deshabilitar-cookies-sitios-web-rastrear-preferencias\" target=\"_blank\" rel=\"noopener noreferrer\">https:\/\/support.mozilla.org\/es\/kb\/habilitar-y-deshabilitar-cookies-sitios-web-rastrear-preferencias<\/a><br \/>Safari, desde:<span>\u00a0<\/span><a href=\"https:\/\/support.apple.com\/kb\/PH19214?viewlocale=es_ES&amp;locale=en_US\" target=\"_blank\" rel=\"noopener noreferrer\">https:\/\/support.apple.com\/kb\/PH19214?viewlocale=es_ES&amp;locale=en_US<\/a><br \/>Opera, desde:<span>\u00a0<\/span><a href=\"https:\/\/www.opera.com\/es\/terms\" target=\"_blank\" rel=\"noopener noreferrer\">https:\/\/www.opera.com\/es\/terms<\/a><\/p>\n<p>Los navegadores web son las herramientas encargadas de almacenar las cookies y desde este lugar el<span>\u00a0<\/span><strong>USUARIO<\/strong><span>\u00a0<\/span>puede efectuar su derecho de eliminaci\u00f3n o desactivaci\u00f3n de las mismas.<\/p>\n<p>Ni esta web ni sus representantes legales pueden garantizar la correcta o incorrecta manipulaci\u00f3n de las cookies por parte de los mencionados navegadores.<\/p>\n<p>En algunos casos es necesario instalar cookies para que el navegador no olvide la decisi\u00f3n del<span>\u00a0<\/span><strong>USUARIO<\/strong><span>\u00a0<\/span>de no aceptaci\u00f3n de las mismas.<\/p>\n<p>La aceptaci\u00f3n de la presente pol\u00edtica de cookies implica que el<span>\u00a0<\/span><strong>USUARIO<\/strong><span>\u00a0<\/span>ha sido informado de una forma clara y completa sobre el uso de dispositivos de almacenamiento y recuperaci\u00f3n de datos (cookies) as\u00ed como que<span> JKCONSULTORA\u00a0<\/span>dispone del consentimiento del<span>\u00a0<\/span><strong>USUARIO<\/strong><span>\u00a0<\/span>para el uso de las mismas tal y como establece el art\u00edculo 22.2 de la Ley 34\/2002, de 11 de julio, de Servicios de la Sociedad de la Informaci\u00f3n y Comercio Electr\u00f3nico (LSSI-CE).<\/p>\n<p>Para cualquier duda o consulta acerca de esta pol\u00edtica de cookies el<span>\u00a0<\/span><strong>USUARIO<\/strong><span>\u00a0<\/span>puede ponerse en contacto con<span> JKCONSULTORA<\/span>, a trav\u00e9s del correo informes@jkconsultora.com<\/p>\n<\/article>\n<p>&nbsp;<\/p>\n<\/main><\/div>\n<\/div>\n<footer class=\"tm-footer\"><\/footer>[\/et_pb_text][\/et_pb_column][\/et_pb_row][\/et_pb_section]","protected":false},"excerpt":{"rendered":"<p>En JKCONSULTORA.com usamos cookies\u00a0 &nbsp; &nbsp; Esta pol\u00edtica de cookies forma parte de los\u00a0t\u00e9rminos de uso y la pol\u00edtica de privacidad\u00a0de JKCONSULTORA.com Una cookie, es un archivo de informaci\u00f3n que el servidor del sitio web de JKCONSULTORA\u00a0env\u00eda al dispositivo (ordenador, smartphone, tablet, etc.) de quien accede a la p\u00e1gina, para almacenar y recuperar informaci\u00f3n sobre [&hellip;]<\/p>","protected":false},"author":1,"featured_media":0,"parent":0,"menu_order":0,"comment_status":"closed","ping_status":"closed","template":"","meta":{"_et_pb_use_builder":"on","_et_pb_old_content":"","_et_gb_content_width":"","_joinchat":{"view":"no"},"footnotes":""},"class_list":["post-229692","page","type-page","status-publish","hentry"],"yoast_head":"<!-- This site is optimized with the Yoast SEO plugin v26.9 - https:\/\/yoast.com\/product\/yoast-seo-wordpress\/ -->\n<title>Pol\u00edtica de cookies - JKCONSULTORA<\/title>\n<meta name=\"robots\" content=\"noindex, nofollow\" \/>\n<meta property=\"og:locale\" content=\"en_US\" \/>\n<meta property=\"og:type\" content=\"article\" \/>\n<meta property=\"og:title\" content=\"Pol\u00edtica de cookies - JKCONSULTORA\" \/>\n<meta property=\"og:description\" content=\"En JKCONSULTORA.com usamos cookies\u00a0 &nbsp; &nbsp; Esta pol\u00edtica de cookies forma parte de los\u00a0t\u00e9rminos de uso y la pol\u00edtica de privacidad\u00a0de JKCONSULTORA.com Una cookie, es un archivo de informaci\u00f3n que el servidor del sitio web de JKCONSULTORA\u00a0env\u00eda al dispositivo (ordenador, smartphone, tablet, etc.) de quien accede a la p\u00e1gina, para almacenar y recuperar informaci\u00f3n sobre [&hellip;]\" \/>\n<meta property=\"og:url\" content=\"https:\/\/www.jkconsultora.com\/en\/cookies\/\" \/>\n<meta property=\"og:site_name\" content=\"JKCONSULTORA\" \/>\n<meta property=\"article:modified_time\" content=\"2020-02-02T21:09:44+00:00\" \/>\n<meta name=\"twitter:card\" content=\"summary_large_image\" \/>\n<meta name=\"twitter:label1\" content=\"Est. reading time\" \/>\n\t<meta name=\"twitter:data1\" content=\"8 minutes\" \/>\n<script type=\"application\/ld+json\" class=\"yoast-schema-graph\">{\"@context\":\"https:\/\/schema.org\",\"@graph\":[{\"@type\":\"WebPage\",\"@id\":\"https:\/\/www.jkconsultora.com\/cookies\/\",\"url\":\"https:\/\/www.jkconsultora.com\/cookies\/\",\"name\":\"Pol\u00edtica de cookies - JKCONSULTORA\",\"isPartOf\":{\"@id\":\"https:\/\/www.jkconsultora.com\/#website\"},\"datePublished\":\"2019-12-03T12:35:57+00:00\",\"dateModified\":\"2020-02-02T21:09:44+00:00\",\"breadcrumb\":{\"@id\":\"https:\/\/www.jkconsultora.com\/cookies\/#breadcrumb\"},\"inLanguage\":\"en-US\",\"potentialAction\":[{\"@type\":\"ReadAction\",\"target\":[\"https:\/\/www.jkconsultora.com\/cookies\/\"]}]},{\"@type\":\"BreadcrumbList\",\"@id\":\"https:\/\/www.jkconsultora.com\/cookies\/#breadcrumb\",\"itemListElement\":[{\"@type\":\"ListItem\",\"position\":1,\"name\":\"Portada\",\"item\":\"https:\/\/www.jkconsultora.com\/\"},{\"@type\":\"ListItem\",\"position\":2,\"name\":\"Pol\u00edtica de cookies\"}]},{\"@type\":\"WebSite\",\"@id\":\"https:\/\/www.jkconsultora.com\/#website\",\"url\":\"https:\/\/www.jkconsultora.com\/\",\"name\":\"JKCONSULTORA\",\"description\":\"Asuntos Regulatorios - Per\u00fa\",\"potentialAction\":[{\"@type\":\"SearchAction\",\"target\":{\"@type\":\"EntryPoint\",\"urlTemplate\":\"https:\/\/www.jkconsultora.com\/?s={search_term_string}\"},\"query-input\":{\"@type\":\"PropertyValueSpecification\",\"valueRequired\":true,\"valueName\":\"search_term_string\"}}],\"inLanguage\":\"en-US\"}]}<\/script>\n<!-- \/ Yoast SEO plugin. -->","yoast_head_json":{"title":"Pol\u00edtica de cookies - JKCONSULTORA","robots":{"index":"noindex","follow":"nofollow"},"og_locale":"en_US","og_type":"article","og_title":"Pol\u00edtica de cookies - JKCONSULTORA","og_description":"En JKCONSULTORA.com usamos cookies\u00a0 &nbsp; &nbsp; Esta pol\u00edtica de cookies forma parte de los\u00a0t\u00e9rminos de uso y la pol\u00edtica de privacidad\u00a0de JKCONSULTORA.com Una cookie, es un archivo de informaci\u00f3n que el servidor del sitio web de JKCONSULTORA\u00a0env\u00eda al dispositivo (ordenador, smartphone, tablet, etc.) de quien accede a la p\u00e1gina, para almacenar y recuperar informaci\u00f3n sobre [&hellip;]","og_url":"https:\/\/www.jkconsultora.com\/en\/cookies\/","og_site_name":"JKCONSULTORA","article_modified_time":"2020-02-02T21:09:44+00:00","twitter_card":"summary_large_image","twitter_misc":{"Est. reading time":"8 minutes"},"schema":{"@context":"https:\/\/schema.org","@graph":[{"@type":"WebPage","@id":"https:\/\/www.jkconsultora.com\/cookies\/","url":"https:\/\/www.jkconsultora.com\/cookies\/","name":"Pol\u00edtica de cookies - JKCONSULTORA","isPartOf":{"@id":"https:\/\/www.jkconsultora.com\/#website"},"datePublished":"2019-12-03T12:35:57+00:00","dateModified":"2020-02-02T21:09:44+00:00","breadcrumb":{"@id":"https:\/\/www.jkconsultora.com\/cookies\/#breadcrumb"},"inLanguage":"en-US","potentialAction":[{"@type":"ReadAction","target":["https:\/\/www.jkconsultora.com\/cookies\/"]}]},{"@type":"BreadcrumbList","@id":"https:\/\/www.jkconsultora.com\/cookies\/#breadcrumb","itemListElement":[{"@type":"ListItem","position":1,"name":"Portada","item":"https:\/\/www.jkconsultora.com\/"},{"@type":"ListItem","position":2,"name":"Pol\u00edtica de cookies"}]},{"@type":"WebSite","@id":"https:\/\/www.jkconsultora.com\/#website","url":"https:\/\/www.jkconsultora.com\/","name":"JKCONSULTORA","description":"Asuntos Regulatorios - Per\u00fa","potentialAction":[{"@type":"SearchAction","target":{"@type":"EntryPoint","urlTemplate":"https:\/\/www.jkconsultora.com\/?s={search_term_string}"},"query-input":{"@type":"PropertyValueSpecification","valueRequired":true,"valueName":"search_term_string"}}],"inLanguage":"en-US"}]}},"_links":{"self":[{"href":"https:\/\/www.jkconsultora.com\/en\/wp-json\/wp\/v2\/pages\/229692","targetHints":{"allow":["GET"]}}],"collection":[{"href":"https:\/\/www.jkconsultora.com\/en\/wp-json\/wp\/v2\/pages"}],"about":[{"href":"https:\/\/www.jkconsultora.com\/en\/wp-json\/wp\/v2\/types\/page"}],"author":[{"embeddable":true,"href":"https:\/\/www.jkconsultora.com\/en\/wp-json\/wp\/v2\/users\/1"}],"replies":[{"embeddable":true,"href":"https:\/\/www.jkconsultora.com\/en\/wp-json\/wp\/v2\/comments?post=229692"}],"version-history":[{"count":6,"href":"https:\/\/www.jkconsultora.com\/en\/wp-json\/wp\/v2\/pages\/229692\/revisions"}],"predecessor-version":[{"id":229999,"href":"https:\/\/www.jkconsultora.com\/en\/wp-json\/wp\/v2\/pages\/229692\/revisions\/229999"}],"wp:attachment":[{"href":"https:\/\/www.jkconsultora.com\/en\/wp-json\/wp\/v2\/media?parent=229692"}],"curies":[{"name":"wp","href":"https:\/\/api.w.org\/{rel}","templated":true}]}}