{"id":13,"date":"2018-03-29T17:39:20","date_gmt":"2018-03-29T22:39:20","guid":{"rendered":"http:\/\/jkconsultora.com\/?page_id=13"},"modified":"2024-03-03T22:52:33","modified_gmt":"2024-03-04T03:52:33","slug":"contacto","status":"publish","type":"page","link":"https:\/\/www.jkconsultora.com\/en\/contacto\/","title":{"rendered":"CONTACT"},"content":{"rendered":"<p>[et_pb_section fb_built=\u00bb1&#8243; fullwidth=\u00bbon\u00bb admin_label=\u00bbMap Header\u00bb _builder_version=\u00bb4.16&#8243; global_colors_info=\u00bb{}\u00bb][et_pb_fullwidth_map address=\u00bbCalle Las Orqu\u00eddeas 585, San Isidro 15046, Per\u00fa\u00bb zoom_level=\u00bb11&#8243; address_lat=\u00bb-12.0931592&#8243; address_lng=\u00bb-77.0277907&#8243; _builder_version=\u00bb4.16&#8243; max_width=\u00bb80%\u00bb module_alignment=\u00bbcenter\u00bb filter_saturate=\u00bb0%\u00bb filter_opacity=\u00bb50%\u00bb global_colors_info=\u00bb{}\u00bb][et_pb_map_pin pin_address=\u00bbSan Francisco, CA, USA\u00bb pin_address_lat=\u00bb37.7749295&#8243; pin_address_lng=\u00bb-122.4194155&#8243; _builder_version=\u00bb3.0.99&#8243; global_colors_info=\u00bb{}\u00bb][\/et_pb_map_pin][et_pb_map_pin title=\u00bbJK CONSULTORA\u00bb pin_address=\u00bbCalle Las Orqu\u00eddeas 585, San Isidro 15046, Per\u00fa\u00bb pin_address_lat=\u00bb-12.0931592&#8243; pin_address_lng=\u00bb-77.0277907&#8243; _builder_version=\u00bb4.7.7&#8243; global_colors_info=\u00bb{}\u00bb][\/et_pb_map_pin][\/et_pb_fullwidth_map][\/et_pb_section][et_pb_section fb_built=\u00bb1&#8243; specialty=\u00bbon\u00bb admin_label=\u00bbContact\u00bb _builder_version=\u00bb4.16&#8243; background_color=\u00bbrgba(0,0,0,0)\u00bb custom_margin=\u00bb|||\u00bb custom_padding=\u00bb0px|0px|40px|0px||\u00bb global_colors_info=\u00bb{}\u00bb][et_pb_column type=\u00bb1_2&#8243; specialty_columns=\u00bb2&#8243; _builder_version=\u00bb4.16&#8243; custom_padding=\u00bb|||\u00bb global_colors_info=\u00bb{}\u00bb custom_padding__hover=\u00bb|||\u00bb][et_pb_row_inner custom_padding_last_edited=\u00bbon|desktop\u00bb _builder_version=\u00bb4.16&#8243; background_color=\u00bb#ffffff\u00bb min_height=\u00bb829px\u00bb custom_margin=\u00bb-200px||80px|\u00bb custom_padding=\u00bb27px|60px|60px|60px||\u00bb custom_padding_tablet=\u00bb\u00bb custom_padding_phone=\u00bb|40px||40px\u00bb box_shadow_style=\u00bbpreset3&#8243; box_shadow_vertical=\u00bb15px\u00bb box_shadow_blur=\u00bb80px\u00bb global_colors_info=\u00bb{}\u00bb][et_pb_column_inner saved_specialty_column_type=\u00bb1_2&#8243; _builder_version=\u00bb4.16&#8243; custom_padding=\u00bb|||\u00bb global_colors_info=\u00bb{}\u00bb custom_padding__hover=\u00bb|||\u00bb][et_pb_text _builder_version=\u00bb4.16&#8243; text_font=\u00bb||||||||\u00bb header_font=\u00bbPlayfair Display|700||on|||||\u00bb header_font_size=\u00bb38px\u00bb header_letter_spacing=\u00bb1px\u00bb header_line_height=\u00bb1.4em\u00bb header_2_font=\u00bb||||||||\u00bb header_3_font=\u00bb||||||||\u00bb text_orientation=\u00bbcenter\u00bb max_width=\u00bb550px\u00bb module_alignment=\u00bbcenter\u00bb custom_margin=\u00bb|||\u00bb locked=\u00bboff\u00bb global_colors_info=\u00bb{}\u00bb]<\/p>\n<h1>CONTACT us<\/h1>\n<p>[\/et_pb_text][dsm_contact_form_7 cf7_library=\u00bb169&#8243; _builder_version=\u00bb4.16&#8243; custom_button_one=\u00bbon\u00bb button_one_text_color=\u00bb#212882&#8243; global_colors_info=\u00bb{}\u00bb][\/dsm_contact_form_7][\/et_pb_column_inner][\/et_pb_row_inner][\/et_pb_column][et_pb_column type=\u00bb1_2&#8243; _builder_version=\u00bb4.16&#8243; custom_padding=\u00bb|||\u00bb global_colors_info=\u00bb{}\u00bb custom_padding__hover=\u00bb|||\u00bb][et_pb_blurb title=\u00bbUbicaci\u00f3n\u00bb use_icon=\u00bbon\u00bb font_icon=\u00bb&#xe081;||divi||400&#8243; image_icon_background_color=\u00bb#212882&#8243; icon_placement=\u00bbleft\u00bb image_icon_width=\u00bb24px\u00bb _builder_version=\u00bb4.24.2&#8243; header_font=\u00bbPoppins|700||on|||||\u00bb header_text_color=\u00bbrgba(0,0,0,0.4)\u00bb header_font_size=\u00bb12px\u00bb header_letter_spacing=\u00bb1px\u00bb body_font=\u00bbPoppins||||||||\u00bb body_text_color=\u00bb#000000&#8243; body_letter_spacing=\u00bb1px\u00bb body_line_height=\u00bb1.8em\u00bb image_icon_custom_padding=\u00bb8px|8px|8px|8px|false|false\u00bb text_orientation=\u00bbcenter\u00bb custom_margin=\u00bb||40px|\u00bb animation_style=\u00bbzoom\u00bb animation_intensity_zoom=\u00bb30%\u00bb animation=\u00bboff\u00bb hover_enabled=\u00bb0&#8243; border_style_all=\u00bbdashed\u00bb border_radii_image=\u00bbon|100%|100%|100%|100%\u00bb icon_font_size=\u00bb24px\u00bb use_circle=\u00bbon\u00bb circle_color=\u00bb#212882&#8243; locked=\u00bboff\u00bb global_colors_info=\u00bb{}\u00bb image_icon_background_color__sticky_enabled=\u00bb#ffffff\u00bb image_icon_background_color__sticky=\u00bb#ffffff\u00bb sticky_enabled=\u00bb0&#8243;]<\/p>\n<p>Arequipa Avenue 1860 Office 1701 Lince \u2013 Lima, Peru<\/p>\n<p>[\/et_pb_blurb][et_pb_blurb title=\u00bbLL\u00c1MENOS\u00bb use_icon=\u00bbon\u00bb font_icon=\u00bb&#xe065;||divi||400&#8243; image_icon_background_color=\u00bb#212882&#8243; icon_placement=\u00bbleft\u00bb image_icon_width=\u00bb24px\u00bb _builder_version=\u00bb4.16&#8243; header_font=\u00bbPoppins|700||on|||||\u00bb header_text_color=\u00bbrgba(0,0,0,0.4)\u00bb header_font_size=\u00bb12px\u00bb header_letter_spacing=\u00bb1px\u00bb body_font=\u00bbPoppins||||||||\u00bb body_text_color=\u00bb#000000&#8243; body_letter_spacing=\u00bb1px\u00bb body_line_height=\u00bb1.8em\u00bb image_icon_custom_padding=\u00bb8px|8px|8px|8px|false|false\u00bb text_orientation=\u00bbcenter\u00bb custom_margin=\u00bb||40px|\u00bb animation_style=\u00bbzoom\u00bb animation_intensity_zoom=\u00bb30%\u00bb animation=\u00bboff\u00bb border_style_all=\u00bbdashed\u00bb border_radii_image=\u00bbon|100%|100%|100%|100%\u00bb icon_font_size=\u00bb24px\u00bb use_circle=\u00bbon\u00bb circle_color=\u00bb#212882&#8243; locked=\u00bboff\u00bb global_colors_info=\u00bb{}\u00bb image_icon_background_color__sticky_enabled=\u00bb#ffffff\u00bb image_icon_background_color__sticky=\u00bb#ffffff\u00bb]<\/p>\n<p style=\"text-align: center;\">+51 955 472 070<br \/>informes@jkconsultora.com<\/p>\n<p>[\/et_pb_blurb][et_pb_blurb title=\u00bbHoras laborables\u00bb use_icon=\u00bbon\u00bb font_icon=\u00bb&#xe06b;||divi||400&#8243; image_icon_background_color=\u00bb#212882&#8243; icon_placement=\u00bbleft\u00bb image_icon_width=\u00bb24px\u00bb _builder_version=\u00bb4.16&#8243; header_font=\u00bbPoppins|700||on|||||\u00bb header_text_color=\u00bbrgba(0,0,0,0.4)\u00bb header_font_size=\u00bb12px\u00bb header_letter_spacing=\u00bb1px\u00bb body_font=\u00bbPoppins||||||||\u00bb body_text_color=\u00bb#000000&#8243; body_letter_spacing=\u00bb1px\u00bb body_line_height=\u00bb1.8em\u00bb image_icon_custom_padding=\u00bb8px|8px|8px|8px|false|false\u00bb text_orientation=\u00bbcenter\u00bb custom_margin=\u00bb||40px|\u00bb animation_style=\u00bbzoom\u00bb animation_intensity_zoom=\u00bb30%\u00bb animation=\u00bboff\u00bb border_style_all=\u00bbdashed\u00bb border_radii_image=\u00bbon|100%|100%|100%|100%\u00bb icon_font_size=\u00bb24px\u00bb use_circle=\u00bbon\u00bb circle_color=\u00bb#212882&#8243; locked=\u00bboff\u00bb global_colors_info=\u00bb{}\u00bb image_icon_background_color__sticky_enabled=\u00bb#ffffff\u00bb image_icon_background_color__sticky=\u00bb#ffffff\u00bb]<\/p>\n<p>M-f: 7:00 am \u2013 7:00 pm<br \/> Saturday: 7:00 am \u2013 1:00 pm<br \/> Sunday: Closed<\/p>\n<p>[\/et_pb_blurb][\/et_pb_column][\/et_pb_section][et_pb_section fb_built=\u00bb1&#8243; prev_background_color=\u00bbrgba(0,0,0,0)\u00bb _builder_version=\u00bb4.4.8&#8243; background_color=\u00bb#212882&#8243; min_height=\u00bb338px\u00bb custom_margin=\u00bb15px|||||\u00bb custom_padding=\u00bb63px||0px|||\u00bb top_divider_style=\u00bbslant2&#8243; global_module=\u00bb229770&#8243; saved_tabs=\u00bball\u00bb global_colors_info=\u00bb{}\u00bb][et_pb_row column_structure=\u00bb1_3,1_3,1_3&#8243; _builder_version=\u00bb4.16&#8243; custom_padding=\u00bb33px||0px|||\u00bb global_colors_info=\u00bb{}\u00bb][et_pb_column type=\u00bb1_3&#8243; _builder_version=\u00bb4.16&#8243; global_colors_info=\u00bb{}\u00bb][et_pb_image src=\u00bbhttps:\/\/www.jkconsultora.com\/wp-content\/uploads\/2020\/01\/Recurso-6@4x.png\u00bb _builder_version=\u00bb4.16&#8243; width=\u00bb31%\u00bb max_width=\u00bb89%\u00bb module_alignment=\u00bbleft\u00bb custom_margin=\u00bb||13px|||\u00bb global_colors_info=\u00bb{}\u00bb][\/et_pb_image][dsm_icon_list list_space_between=\u00bb10px\u00bb _builder_version=\u00bb4.24.2&#8243; text_text_color=\u00bb#212882&#8243; global_colors_info=\u00bb{}\u00bb][dsm_icon_list_child text=\u00bb+51 955 472 070&#8243; font_icon=\u00bb&#xe090;||divi||400&#8243; icon_background_color=\u00bbrgba(0,0,0,0)\u00bb icon_font_size=\u00bb21px\u00bb _builder_version=\u00bb4.16&#8243; text_font=\u00bbVerdana||||||||\u00bb text_text_color=\u00bb#ffffff\u00bb text_line_height=\u00bb1em\u00bb border_color_all_icon=\u00bb#ffffff\u00bb global_colors_info=\u00bb{}\u00bb][\/dsm_icon_list_child][dsm_icon_list_child text=\u00bbAv. Arequipa 1860 Oficina 1701 Lince &#8211; Lima, Per\u00fa\u00bb font_icon=\u00bb&#xe081;||divi||400&#8243; icon_background_color=\u00bbrgba(0,0,0,0)\u00bb icon_font_size=\u00bb21px\u00bb _builder_version=\u00bb4.24.2&#8243; text_font=\u00bbVerdana||||||||\u00bb text_text_color=\u00bb#ffffff\u00bb text_letter_spacing=\u00bb0px\u00bb text_line_height=\u00bb1.3em\u00bb border_color_all_icon=\u00bb#ffffff\u00bb global_colors_info=\u00bb{}\u00bb][\/dsm_icon_list_child][dsm_icon_list_child text=\u00bbinformes@jkconsultora.com\u00bb font_icon=\u00bb&#xe076;||divi||400&#8243; icon_background_color=\u00bbrgba(0,0,0,0)\u00bb icon_font_size=\u00bb21px\u00bb _builder_version=\u00bb4.16&#8243; text_font=\u00bbVerdana||||||||\u00bb text_text_color=\u00bb#ffffff\u00bb text_line_height=\u00bb1em\u00bb global_colors_info=\u00bb{}\u00bb][\/dsm_icon_list_child][\/dsm_icon_list][\/et_pb_column][et_pb_column type=\u00bb1_3&#8243; _builder_version=\u00bb4.16&#8243; global_colors_info=\u00bb{}\u00bb][et_pb_text _builder_version=\u00bb4.16&#8243; global_colors_info=\u00bb{}\u00bb]<\/p>\n<p><span style=\"color: #ffffff;\"><strong>Frequently asked questions:<\/strong><\/span><\/p>\n<p style=\"text-align: justify;\"><a href=\"https:\/\/www.jkconsultora.com\/en\/dispositivos-medicos-en-peru\/?et_fb=1&amp;PageSpeed=off\" target=\"_blank\" rel=\"noopener noreferrer\"><span style=\"color: #ffffff;\">1. What do I need to market pharmaceutical products, medical devices and health products in Peru?<\/span><\/a><\/p>\n<p style=\"text-align: justify;\"><span style=\"color: #ffffff;\"><a href=\"https:\/\/www.jkconsultora.com\/en\/cuales-son-las-ventajas-de-tener-un-area-de-asuntos-regulatorios-bien-gestionado\/\" style=\"color: #ffffff;\" target=\"_blank\" rel=\"noopener noreferrer\"><span color=\"#0000ff\">2. What are the advantages of having an area of regulatory affairs, well-managed?<\/span><\/a><\/span><\/p>\n<p style=\"text-align: justify;\"><span style=\"color: #ffffff;\"><a href=\"https:\/\/www.jkconsultora.com\/en\/de-que-trata-el-servicio-de-centro-de-excelencia-regulatoria\/\" style=\"color: #ffffff;\" target=\"_blank\" rel=\"noopener noreferrer\">3. What is the service Center of excellence in Regulatory?<\/a><\/span><\/p>\n<p>[\/et_pb_text][\/et_pb_column][et_pb_column type=\u00bb1_3&#8243; _builder_version=\u00bb4.16&#8243; global_colors_info=\u00bb{}\u00bb][et_pb_text _builder_version=\u00bb4.19.2&#8243; custom_margin=\u00bb||-71px|||\u00bb global_colors_info=\u00bb{}\u00bb]<\/p>\n<p><span style=\"color: #ffffff;\"><strong>Enlac\u00e9s of interest:<\/strong><\/span><\/p>\n<p><span style=\"color: #ffffff;\"><a href=\"http:\/\/www.digemid.minsa.gob.pe\/\" target=\"_blank\" rel=\"noopener noreferrer\" title=\"DIGEMID\" style=\"color: #ffffff;\">Health authority in Peru \u2013 DIGEMID<\/a><\/span><\/p>\n<p><span style=\"color: #ffffff;\"><a href=\"http:\/\/www.digemid.minsa.gob.pe\/main.asp?Seccion=871\" title=\"DIGMEID\/QUERIES\" target=\"_blank\" rel=\"noopener noreferrer\" style=\"color: #ffffff;\">Query registry health \u2013 DIGEMID\/Search<\/a><\/span><\/p>\n<p><span style=\"color: #ffffff;\"><a href=\"https:\/\/portal.osce.gob.pe\/osce\/content\/accesos-al-seace\" target=\"_blank\" rel=\"noopener noreferrer\" title=\"OSCE\" style=\"color: #ffffff;\">Supervisory agency of the contracting with the state \u2013 OSCE<\/a><\/span><span style=\"color: #ffffff;\"><\/span><\/p>\n<p><a href=\"https:\/\/www.jkconsultora.com\/wp-content\/uploads\/2022\/12\/SIG0021-REV.1-Politica-anticorrupcion-JK.pdf\" target=\"_blank\" rel=\"noopener\" title=\"Political Corruption\"><span style=\"color: #ffffff;\">Policy on anti-Corruption\/anti-Bribery of JK Consulting<\/span><\/a><\/p>\n<p><span style=\"color: #ffffff;\"><strong>Follow us on:<\/strong><\/span><\/p>\n<p>&nbsp;<\/p>\n<p>&nbsp;<\/p>\n<p>[\/et_pb_text][et_pb_social_media_follow _builder_version=\u00bb4.16&#8243; min_height=\u00bb40px\u00bb custom_padding=\u00bb0px|||||\u00bb global_colors_info=\u00bb{}\u00bb][et_pb_social_media_follow_network social_network=\u00bbfacebook\u00bb url=\u00bbhttps:\/\/www.facebook.com\/JK-Consultora-192423961371726\/\u00bb _builder_version=\u00bb4.16&#8243; background_color=\u00bb#3b5998&#8243; global_colors_info=\u00bb{}\u00bb follow_button=\u00bboff\u00bb url_new_window=\u00bbon\u00bb]facebook[\/et_pb_social_media_follow_network][et_pb_social_media_follow_network social_network=\u00bblinkedin\u00bb url=\u00bbhttps:\/\/www.linkedin.com\/company\/35659983\/admin\/\u00bb _builder_version=\u00bb4.16&#8243; background_color=\u00bb#007bb6&#8243; global_colors_info=\u00bb{}\u00bb follow_button=\u00bboff\u00bb url_new_window=\u00bbon\u00bb]linkedin[\/et_pb_social_media_follow_network][et_pb_social_media_follow_network social_network=\u00bbyoutube\u00bb url=\u00bbhttps:\/\/www.youtube.com\/channel\/UCzgb9gy2D20D1bc2YQ6VdIQ\/?guided_help_flow=5&#8243; _builder_version=\u00bb4.16&#8243; background_color=\u00bb#a82400&#8243; global_colors_info=\u00bb{}\u00bb follow_button=\u00bboff\u00bb url_new_window=\u00bbon\u00bb]youtube[\/et_pb_social_media_follow_network][\/et_pb_social_media_follow][\/et_pb_column][\/et_pb_row][et_pb_row _builder_version=\u00bb4.16&#8243; custom_padding=\u00bb0px||4px|||\u00bb global_colors_info=\u00bb{}\u00bb][et_pb_column type=\u00bb4_4&#8243; _builder_version=\u00bb4.16&#8243; global_colors_info=\u00bb{}\u00bb][et_pb_divider divider_style=\u00bbdashed\u00bb divider_position=\u00bbcenter\u00bb divider_weight=\u00bb2px\u00bb _builder_version=\u00bb4.16&#8243; background_color=\u00bbrgba(0,0,0,0)\u00bb custom_padding=\u00bb||19px|||\u00bb mix_blend_mode_tablet=\u00bb\u00bb mix_blend_mode_phone=\u00bb\u00bb mix_blend_mode_last_edited=\u00bbon|desktop\u00bb global_colors_info=\u00bb{}\u00bb][\/et_pb_divider][\/et_pb_column][\/et_pb_row][et_pb_row _builder_version=\u00bb4.16&#8243; min_height=\u00bb37px\u00bb custom_padding=\u00bb0px||0px|||\u00bb global_colors_info=\u00bb{}\u00bb][et_pb_column type=\u00bb4_4&#8243; _builder_version=\u00bb4.16&#8243; global_colors_info=\u00bb{}\u00bb][et_pb_text _builder_version=\u00bb4.16&#8243; link_option_url_new_window=\u00bbon\u00bb global_colors_info=\u00bb{}\u00bb]<\/p>\n<p style=\"text-align: center;\"><span style=\"color: #ffffff;\">JK CONSULTORA &#8211; Copyright 2020. [\/et_pb_text][\/et_pb_column][\/et_pb_row][\/et_pb_section]<\/p>","protected":false},"excerpt":{"rendered":"<p>CONTACT us <div class=\"et_pb_module dsm_contact_form_7 dsm_contact_form_7_0\">\n\t\t\t\t\n\t\t\t\t\n\t\t\t\t\n\t\t\t\t\n\t\t\t\t\n\t\t\t\t\n\t\t\t\t<div class=\"et_pb_module_inner\">\n\t\t\t\t\t<div class=\"\">\n\t\t\t\t\n<div class=\"wpcf7 no-js\" id=\"wpcf7-f169-o1\" lang=\"es-PE\" dir=\"ltr\" data-wpcf7-id=\"169\">\n<div class=\"screen-reader-response\"><p role=\"status\" aria-live=\"polite\" aria-atomic=\"true\"><\/p> <ul><\/ul><\/div>\n<form action=\"\/en\/wp-json\/wp\/v2\/pages\/13#wpcf7-f169-o1\" method=\"post\" class=\"wpcf7-form init\" aria-label=\"Contact form\" enctype=\"multipart\/form-data\" novalidate=\"novalidate\" data-status=\"init\" data-trp-original-action=\"\/en\/wp-json\/wp\/v2\/pages\/13#wpcf7-f169-o1\">\n<div style=\"display: none;\">\n<input type=\"hidden\" name=\"_wpcf7\" value=\"169\" \/>\n<input type=\"hidden\" name=\"_wpcf7_version\" value=\"6.0.6\" \/>\n<input type=\"hidden\" name=\"_wpcf7_locale\" value=\"es_PE\" \/>\n<input type=\"hidden\" name=\"_wpcf7_unit_tag\" value=\"wpcf7-f169-o1\" \/>\n<input type=\"hidden\" name=\"_wpcf7_container_post\" value=\"0\" \/>\n<input type=\"hidden\" name=\"_wpcf7_posted_data_hash\" value=\"\" \/>\n<\/div>\n<p><label> Name and Surname (required)<br \/>\n<span class=\"wpcf7-form-control-wrap\" data-name=\"your-name\"><input size=\"40\" maxlength=\"400\" class=\"wpcf7-form-control wpcf7-text wpcf7-validates-as-required\" aria-required=\"true\" aria-invalid=\"false\" value=\"\" type=\"text\" name=\"your-name\" \/><\/span> <\/label>\n<\/p>\n<p><label> e-mail (required)<br \/>\n<span class=\"wpcf7-form-control-wrap\" data-name=\"your-email\"><input size=\"40\" maxlength=\"400\" class=\"wpcf7-form-control wpcf7-email wpcf7-validates-as-required wpcf7-text wpcf7-validates-as-email\" aria-required=\"true\" aria-invalid=\"false\" value=\"\" type=\"email\" name=\"your-email\" \/><\/span> <\/label>\n<\/p>\n<p><label> Subject\/Project\/Inquiry<br \/>\n<span class=\"wpcf7-form-control-wrap\" data-name=\"your-subject\"><input size=\"40\" maxlength=\"400\" class=\"wpcf7-form-control wpcf7-text\" aria-invalid=\"false\" value=\"\" type=\"text\" name=\"your-subject\" \/><\/span> <\/label>\n<\/p>\n<p><label> Your message<br \/>\n<span class=\"wpcf7-form-control-wrap\" data-name=\"your-message\"><textarea cols=\"40\" rows=\"10\" maxlength=\"2000\" class=\"wpcf7-form-control wpcf7-textarea\" aria-invalid=\"false\" name=\"your-message\"><\/textarea><\/span> <\/label>\n<\/p>\n<p><label> Attach your file* jpg|png|doc|docx|pdf (Max. 15 mb)<br \/>\n<span class=\"wpcf7-form-control-wrap\" data-name=\"file-283\"><input size=\"40\" class=\"wpcf7-form-control wpcf7-file\" accept=\".jpg,.png,.doc,.docx,.pdf\" aria-invalid=\"false\" type=\"file\" name=\"file-283\" \/><\/span><br \/>\n<span class=\"wpcf7-form-control-wrap\" data-name=\"checkbox-52\"><span class=\"wpcf7-form-control wpcf7-checkbox wpcf7-validates-as-required\"><span class=\"wpcf7-list-item first last\"><input type=\"checkbox\" name=\"checkbox-52[]\" value=\"He le\u00eddo y acepto la Pol\u00edtica de privacidad.\" \/><span class=\"wpcf7-list-item-label\">I have read and I hereby accept the privacy Policy.<\/span><\/span><\/span><\/span><br \/>\n<button class=\"wpcf7-form-control wpcf7-submit has-spinner et_pb_button et_pb_bg_layout_light\" type=\"submit\" value=\"Enviar\">Send<\/button><\/label>\n<\/p><input type='hidden' class='wpcf7-pum' value='{\"closepopup\":false,\"closedelay\":0,\"openpopup\":false,\"openpopup_id\":0}' \/><div class=\"wpcf7-response-output\" aria-hidden=\"true\"><\/div>\n<input type=\"hidden\" name=\"trp-form-language\" value=\"en\"\/><\/form>\n<\/div>\n\n\t\t\t<\/div>\n\t\t\t\t<\/div>\n\t\t\t<\/div>Avenida Arequipa 1860 Oficina 1701 Lince &#8211; Lima, Per\u00fa+51 955 472 070informes@jkconsultora.comL-V: 7:00 am &#8211; 7:00 pm S\u00e1bado: 7:00 am &#8211; 1:00 pm Domingo: Cerrado<div class=\"et_pb_module dsm_icon_list dsm_icon_list_0\">\n\t\t\t\t\n\t\t\t\t\n\t\t\t\t\n\t\t\t\t\n\t\t\t\t\n\t\t\t\t\n\t\t\t\t<div class=\"et_pb_module_inner\">\n\t\t\t\t\t<ul class=\"dsm_icon_list_items dsm_icon_list_ltr_direction dsm_icon_list_layout_vertical\"><\/ul>\n\t\t\t\t<\/div>\n\t\t\t<\/div><li class=\"et_pb_with_border dsm_icon_list_child dsm_icon_list_child_0\">\n\t\t\t\t\n\t\t\t\t\n\t\t\t\t\n\t\t\t\t\n\t\t\t\t<span class=\"dsm_icon_list_wrapper\"><span class=\"dsm_icon_list_icon\">\ue090<\/span><\/span><span class=\"dsm_icon_list_text\">+51 955 472 070<\/span>\n\t\t\t<\/li><li class=\"dsm_icon_list_child dsm_icon_list_child_1\">\n\t\t\t\t\n\t\t\t\t\n\t\t\t\t\n\t\t\t\t\n\t\t\t\t<span class=\"dsm_icon_list_wrapper\"><span class=\"dsm_icon_list_icon\">P<\/span><\/span><span class=\"dsm_icon_list_text\">\u00bbAv.<\/span>\n\t\t\t<\/li><\/p>","protected":false},"author":1,"featured_media":0,"parent":0,"menu_order":40,"comment_status":"closed","ping_status":"closed","template":"","meta":{"_et_pb_use_builder":"on","_et_pb_old_content":"","_et_gb_content_width":"","_joinchat":[],"footnotes":""},"class_list":["post-13","page","type-page","status-publish","hentry"],"yoast_head":"<!-- This site is optimized with the Yoast SEO plugin v26.9 - https:\/\/yoast.com\/product\/yoast-seo-wordpress\/ -->\n<title>CONTACTO - JKCONSULTORA<\/title>\n<meta name=\"robots\" content=\"index, follow, max-snippet:-1, max-image-preview:large, max-video-preview:-1\" \/>\n<link rel=\"canonical\" href=\"https:\/\/www.jkconsultora.com\/en\/contacto\/\" \/>\n<meta property=\"og:locale\" content=\"en_US\" \/>\n<meta property=\"og:type\" content=\"article\" \/>\n<meta property=\"og:title\" content=\"CONTACTO - JKCONSULTORA\" \/>\n<meta property=\"og:description\" content=\"CONT\u00c1CTENOS Avenida Arequipa 1860 Oficina 1701 Lince - Lima, Per\u00fa+51 955 472 070informes@jkconsultora.comL-V: 7:00 am - 7:00 pm S\u00e1bado: 7:00 am - 1:00 pm Domingo: Cerrado\" \/>\n<meta property=\"og:url\" content=\"https:\/\/www.jkconsultora.com\/en\/contacto\/\" \/>\n<meta property=\"og:site_name\" content=\"JKCONSULTORA\" \/>\n<meta property=\"article:modified_time\" content=\"2024-03-04T03:52:33+00:00\" \/>\n<meta name=\"twitter:card\" content=\"summary_large_image\" \/>\n<meta name=\"twitter:label1\" content=\"Est. reading time\" \/>\n\t<meta name=\"twitter:data1\" content=\"7 minutes\" \/>\n<script type=\"application\/ld+json\" class=\"yoast-schema-graph\">{\"@context\":\"https:\/\/schema.org\",\"@graph\":[{\"@type\":\"WebPage\",\"@id\":\"https:\/\/www.jkconsultora.com\/contacto\/\",\"url\":\"https:\/\/www.jkconsultora.com\/contacto\/\",\"name\":\"CONTACTO - JKCONSULTORA\",\"isPartOf\":{\"@id\":\"https:\/\/www.jkconsultora.com\/#website\"},\"datePublished\":\"2018-03-29T22:39:20+00:00\",\"dateModified\":\"2024-03-04T03:52:33+00:00\",\"breadcrumb\":{\"@id\":\"https:\/\/www.jkconsultora.com\/contacto\/#breadcrumb\"},\"inLanguage\":\"en-US\",\"potentialAction\":[{\"@type\":\"ReadAction\",\"target\":[\"https:\/\/www.jkconsultora.com\/contacto\/\"]}]},{\"@type\":\"BreadcrumbList\",\"@id\":\"https:\/\/www.jkconsultora.com\/contacto\/#breadcrumb\",\"itemListElement\":[{\"@type\":\"ListItem\",\"position\":1,\"name\":\"Portada\",\"item\":\"https:\/\/www.jkconsultora.com\/\"},{\"@type\":\"ListItem\",\"position\":2,\"name\":\"CONTACTO\"}]},{\"@type\":\"WebSite\",\"@id\":\"https:\/\/www.jkconsultora.com\/#website\",\"url\":\"https:\/\/www.jkconsultora.com\/\",\"name\":\"JKCONSULTORA\",\"description\":\"Asuntos Regulatorios - Per\u00fa\",\"potentialAction\":[{\"@type\":\"SearchAction\",\"target\":{\"@type\":\"EntryPoint\",\"urlTemplate\":\"https:\/\/www.jkconsultora.com\/?s={search_term_string}\"},\"query-input\":{\"@type\":\"PropertyValueSpecification\",\"valueRequired\":true,\"valueName\":\"search_term_string\"}}],\"inLanguage\":\"en-US\"}]}<\/script>\n<!-- \/ Yoast SEO plugin. -->","yoast_head_json":{"title":"CONTACTO - JKCONSULTORA","robots":{"index":"index","follow":"follow","max-snippet":"max-snippet:-1","max-image-preview":"max-image-preview:large","max-video-preview":"max-video-preview:-1"},"canonical":"https:\/\/www.jkconsultora.com\/en\/contacto\/","og_locale":"en_US","og_type":"article","og_title":"CONTACTO - JKCONSULTORA","og_description":"CONT\u00c1CTENOS Avenida Arequipa 1860 Oficina 1701 Lince - Lima, Per\u00fa+51 955 472 070informes@jkconsultora.comL-V: 7:00 am - 7:00 pm S\u00e1bado: 7:00 am - 1:00 pm Domingo: Cerrado","og_url":"https:\/\/www.jkconsultora.com\/en\/contacto\/","og_site_name":"JKCONSULTORA","article_modified_time":"2024-03-04T03:52:33+00:00","twitter_card":"summary_large_image","twitter_misc":{"Est. reading time":"7 minutes"},"schema":{"@context":"https:\/\/schema.org","@graph":[{"@type":"WebPage","@id":"https:\/\/www.jkconsultora.com\/contacto\/","url":"https:\/\/www.jkconsultora.com\/contacto\/","name":"CONTACTO - JKCONSULTORA","isPartOf":{"@id":"https:\/\/www.jkconsultora.com\/#website"},"datePublished":"2018-03-29T22:39:20+00:00","dateModified":"2024-03-04T03:52:33+00:00","breadcrumb":{"@id":"https:\/\/www.jkconsultora.com\/contacto\/#breadcrumb"},"inLanguage":"en-US","potentialAction":[{"@type":"ReadAction","target":["https:\/\/www.jkconsultora.com\/contacto\/"]}]},{"@type":"BreadcrumbList","@id":"https:\/\/www.jkconsultora.com\/contacto\/#breadcrumb","itemListElement":[{"@type":"ListItem","position":1,"name":"Portada","item":"https:\/\/www.jkconsultora.com\/"},{"@type":"ListItem","position":2,"name":"CONTACTO"}]},{"@type":"WebSite","@id":"https:\/\/www.jkconsultora.com\/#website","url":"https:\/\/www.jkconsultora.com\/","name":"JKCONSULTORA","description":"Asuntos Regulatorios - Per\u00fa","potentialAction":[{"@type":"SearchAction","target":{"@type":"EntryPoint","urlTemplate":"https:\/\/www.jkconsultora.com\/?s={search_term_string}"},"query-input":{"@type":"PropertyValueSpecification","valueRequired":true,"valueName":"search_term_string"}}],"inLanguage":"en-US"}]}},"_links":{"self":[{"href":"https:\/\/www.jkconsultora.com\/en\/wp-json\/wp\/v2\/pages\/13","targetHints":{"allow":["GET"]}}],"collection":[{"href":"https:\/\/www.jkconsultora.com\/en\/wp-json\/wp\/v2\/pages"}],"about":[{"href":"https:\/\/www.jkconsultora.com\/en\/wp-json\/wp\/v2\/types\/page"}],"author":[{"embeddable":true,"href":"https:\/\/www.jkconsultora.com\/en\/wp-json\/wp\/v2\/users\/1"}],"replies":[{"embeddable":true,"href":"https:\/\/www.jkconsultora.com\/en\/wp-json\/wp\/v2\/comments?post=13"}],"version-history":[{"count":24,"href":"https:\/\/www.jkconsultora.com\/en\/wp-json\/wp\/v2\/pages\/13\/revisions"}],"predecessor-version":[{"id":230356,"href":"https:\/\/www.jkconsultora.com\/en\/wp-json\/wp\/v2\/pages\/13\/revisions\/230356"}],"wp:attachment":[{"href":"https:\/\/www.jkconsultora.com\/en\/wp-json\/wp\/v2\/media?parent=13"}],"curies":[{"name":"wp","href":"https:\/\/api.w.org\/{rel}","templated":true}]}}